{"id":2460,"date":"2023-08-23T13:26:10","date_gmt":"2023-08-23T13:26:10","guid":{"rendered":"https:\/\/42berlin.de\/disclaimer\/"},"modified":"2025-02-14T11:59:30","modified_gmt":"2025-02-14T09:59:30","slug":"haftungsausschluss","status":"publish","type":"page","link":"https:\/\/42berlin.de\/de\/disclaimer\/","title":{"rendered":"Haftungsausschluss"},"content":{"rendered":"<!-- Legal document generated by Complianz | GDPR\/CCPA Cookie Consent https:\/\/wordpress.org\/plugins\/complianz-gdpr -->\n<div id=\"cmplz-document\" class=\"cmplz-document disclaimer cmplz-document-all\"><p>42 Wolfsburg Berlin e.V. ist bestrebt, diese Website auf dem neuesten Stand und korrekt zu halten. Solltest du dennoch auf etwas sto\u00dfen, das falsch oder veraltet ist, w\u00e4ren wir dir dankbar, wenn du uns das mitteilen k\u00f6nntest. Bitte gib an, wo auf der Website du die Informationen gelesen hast. Wir werden uns dann so schnell wie m\u00f6glich darum k\u00fcmmern. Bitte sende deine Antwort per E-Mail an: <span class=\"cmplz-obfuscate\">kontakt@<span class=\"cmplz-fmail-domain\">ex.com<\/span>42b&#101;r&#108;&#105;&#110;&#046;d&#101;<\/span>.<\/p><p>Die Nutzung der Website und aller ihrer Komponenten (einschlie\u00dflich der Foren) unterliegt <a href=\"https:\/\/42berlin.de\/privacy-policy\/\" target=\"_blank\">Benutzungsbedingungen<\/a>. Die blo\u00dfe Nutzung dieser Website setzt die Kenntnis und das Einverst\u00e4ndnis mit diesen Nutzungsbedingungen voraus.<\/p><p>Alle geistigen Eigentumsrechte an den Inhalten dieser Website liegen bei 42 Wolfsburg Berlin e.V..<\/p><p>Die Inhalte auf dieser Website sind unter einer Creative Commons - Attribution-NonCommercial-ShareAlike 4.0 Lizenz verf\u00fcgbar, sofern nicht anders angegeben.<\/p><p>Wenn du Fragen oder Probleme mit der Zug\u00e4nglichkeit der Website hast, z\u00f6gere bitte nicht, uns zu kontaktieren.<\/p><\/div>","protected":false},"excerpt":{"rendered":"","protected":false},"author":6,"featured_media":0,"parent":0,"menu_order":0,"comment_status":"closed","ping_status":"closed","template":"","meta":{"footnotes":""},"class_list":["post-2460","page","type-page","status-publish","hentry"],"yoast_head":"<!-- This site is optimized with the Yoast SEO plugin v27.2 - https:\/\/yoast.com\/product\/yoast-seo-wordpress\/ -->\n<title>Disclaimer - 42 Berlin<\/title>\n<meta name=\"robots\" content=\"index, follow, max-snippet:-1, max-image-preview:large, max-video-preview:-1\" \/>\n<link rel=\"canonical\" href=\"https:\/\/42berlin.de\/de\/haftungsausschluss\/\" \/>\n<meta property=\"og:locale\" content=\"de_DE\" \/>\n<meta property=\"og:type\" content=\"article\" \/>\n<meta property=\"og:title\" content=\"Disclaimer - 42 Berlin\" \/>\n<meta property=\"og:url\" content=\"https:\/\/42berlin.de\/de\/haftungsausschluss\/\" \/>\n<meta property=\"og:site_name\" content=\"42 Berlin\" \/>\n<meta property=\"article:publisher\" content=\"https:\/\/www.facebook.com\/42BLN\/\" \/>\n<meta property=\"article:modified_time\" content=\"2025-02-14T09:59:30+00:00\" \/>\n<meta name=\"twitter:card\" content=\"summary_large_image\" \/>\n<meta name=\"twitter:site\" content=\"@42_berlin\" \/>\n<script type=\"application\/ld+json\" class=\"yoast-schema-graph\">{\"@context\":\"https:\/\/schema.org\",\"@graph\":[{\"@type\":\"WebPage\",\"@id\":\"https:\/\/42berlin.de\/disclaimer\/\",\"url\":\"https:\/\/42berlin.de\/disclaimer\/\",\"name\":\"Disclaimer - 42 Berlin\",\"isPartOf\":{\"@id\":\"https:\/\/42berlin.de\/#website\"},\"datePublished\":\"2023-08-23T13:26:10+00:00\",\"dateModified\":\"2025-02-14T09:59:30+00:00\",\"breadcrumb\":{\"@id\":\"https:\/\/42berlin.de\/disclaimer\/#breadcrumb\"},\"inLanguage\":\"de\",\"potentialAction\":[{\"@type\":\"ReadAction\",\"target\":[\"https:\/\/42berlin.de\/disclaimer\/\"]}]},{\"@type\":\"BreadcrumbList\",\"@id\":\"https:\/\/42berlin.de\/disclaimer\/#breadcrumb\",\"itemListElement\":[{\"@type\":\"ListItem\",\"position\":1,\"name\":\"Home\",\"item\":\"https:\/\/42berlin.de\/\"},{\"@type\":\"ListItem\",\"position\":2,\"name\":\"Disclaimer\"}]},{\"@type\":\"WebSite\",\"@id\":\"https:\/\/42berlin.de\/#website\",\"url\":\"https:\/\/42berlin.de\/\",\"name\":\"42 Berlin - Free Software Engineering School in Berlin\",\"description\":\"Free non-profit coding school in Neuk\u00f6lln, Berlin\",\"publisher\":{\"@id\":\"https:\/\/42berlin.de\/#organization\"},\"potentialAction\":[{\"@type\":\"SearchAction\",\"target\":{\"@type\":\"EntryPoint\",\"urlTemplate\":\"https:\/\/42berlin.de\/?s={search_term_string}\"},\"query-input\":{\"@type\":\"PropertyValueSpecification\",\"valueRequired\":true,\"valueName\":\"search_term_string\"}}],\"inLanguage\":\"de\"},{\"@type\":\"Organization\",\"@id\":\"https:\/\/42berlin.de\/#organization\",\"name\":\"42 Berlin\",\"alternateName\":\"42 Berlin\",\"url\":\"https:\/\/42berlin.de\/\",\"logo\":{\"@type\":\"ImageObject\",\"inLanguage\":\"de\",\"@id\":\"https:\/\/42berlin.de\/#\/schema\/logo\/image\/\",\"url\":\"https:\/\/42berlin.de\/wp-content\/uploads\/2023\/07\/cropped-new-2-pink-logo-for-site.png\",\"contentUrl\":\"https:\/\/42berlin.de\/wp-content\/uploads\/2023\/07\/cropped-new-2-pink-logo-for-site.png\",\"width\":512,\"height\":512,\"caption\":\"42 Berlin\"},\"image\":{\"@id\":\"https:\/\/42berlin.de\/#\/schema\/logo\/image\/\"},\"sameAs\":[\"https:\/\/www.facebook.com\/42BLN\/\",\"https:\/\/x.com\/42_berlin\",\"https:\/\/www.instagram.com\/42berlin_\/\",\"https:\/\/www.linkedin.com\/school\/77000438\/admin\/dashboard\/\"]}]}<\/script>\n<!-- \/ Yoast SEO plugin. -->","yoast_head_json":{"title":"Haftungsausschluss - 42 Berlin","robots":{"index":"index","follow":"follow","max-snippet":"max-snippet:-1","max-image-preview":"max-image-preview:large","max-video-preview":"max-video-preview:-1"},"canonical":"https:\/\/42berlin.de\/de\/haftungsausschluss\/","og_locale":"de_DE","og_type":"article","og_title":"Disclaimer - 42 Berlin","og_url":"https:\/\/42berlin.de\/de\/haftungsausschluss\/","og_site_name":"42 Berlin","article_publisher":"https:\/\/www.facebook.com\/42BLN\/","article_modified_time":"2025-02-14T09:59:30+00:00","twitter_card":"summary_large_image","twitter_site":"@42_berlin","schema":{"@context":"https:\/\/schema.org","@graph":[{"@type":"WebPage","@id":"https:\/\/42berlin.de\/disclaimer\/","url":"https:\/\/42berlin.de\/disclaimer\/","name":"Haftungsausschluss - 42 Berlin","isPartOf":{"@id":"https:\/\/42berlin.de\/#website"},"datePublished":"2023-08-23T13:26:10+00:00","dateModified":"2025-02-14T09:59:30+00:00","breadcrumb":{"@id":"https:\/\/42berlin.de\/disclaimer\/#breadcrumb"},"inLanguage":"de","potentialAction":[{"@type":"ReadAction","target":["https:\/\/42berlin.de\/disclaimer\/"]}]},{"@type":"BreadcrumbList","@id":"https:\/\/42berlin.de\/disclaimer\/#breadcrumb","itemListElement":[{"@type":"ListItem","position":1,"name":"Home","item":"https:\/\/42berlin.de\/"},{"@type":"ListItem","position":2,"name":"Disclaimer"}]},{"@type":"WebSite","@id":"https:\/\/42berlin.de\/#website","url":"https:\/\/42berlin.de\/","name":"42 Berlin - Freie Softwareentwicklungsschule in Berlin","description":"Kostenlose gemeinn\u00fctzige Programmierschule in Neuk\u00f6lln, Berlin","publisher":{"@id":"https:\/\/42berlin.de\/#organization"},"potentialAction":[{"@type":"SearchAction","target":{"@type":"EntryPoint","urlTemplate":"https:\/\/42berlin.de\/?s={search_term_string}"},"query-input":{"@type":"PropertyValueSpecification","valueRequired":true,"valueName":"search_term_string"}}],"inLanguage":"de"},{"@type":"Organization","@id":"https:\/\/42berlin.de\/#organization","name":"42 Berlin","alternateName":"42 Berlin","url":"https:\/\/42berlin.de\/","logo":{"@type":"ImageObject","inLanguage":"de","@id":"https:\/\/42berlin.de\/#\/schema\/logo\/image\/","url":"https:\/\/42berlin.de\/wp-content\/uploads\/2023\/07\/cropped-new-2-pink-logo-for-site.png","contentUrl":"https:\/\/42berlin.de\/wp-content\/uploads\/2023\/07\/cropped-new-2-pink-logo-for-site.png","width":512,"height":512,"caption":"42 Berlin"},"image":{"@id":"https:\/\/42berlin.de\/#\/schema\/logo\/image\/"},"sameAs":["https:\/\/www.facebook.com\/42BLN\/","https:\/\/x.com\/42_berlin","https:\/\/www.instagram.com\/42berlin_\/","https:\/\/www.linkedin.com\/school\/77000438\/admin\/dashboard\/"]}]}},"_links":{"self":[{"href":"https:\/\/42berlin.de\/de\/wp-json\/wp\/v2\/pages\/2460","targetHints":{"allow":["GET"]}}],"collection":[{"href":"https:\/\/42berlin.de\/de\/wp-json\/wp\/v2\/pages"}],"about":[{"href":"https:\/\/42berlin.de\/de\/wp-json\/wp\/v2\/types\/page"}],"author":[{"embeddable":true,"href":"https:\/\/42berlin.de\/de\/wp-json\/wp\/v2\/users\/6"}],"replies":[{"embeddable":true,"href":"https:\/\/42berlin.de\/de\/wp-json\/wp\/v2\/comments?post=2460"}],"version-history":[{"count":0,"href":"https:\/\/42berlin.de\/de\/wp-json\/wp\/v2\/pages\/2460\/revisions"}],"wp:attachment":[{"href":"https:\/\/42berlin.de\/de\/wp-json\/wp\/v2\/media?parent=2460"}],"curies":[{"name":"wp","href":"https:\/\/api.w.org\/{rel}","templated":true}]}}