{"id":2461,"date":"2023-08-23T14:38:13","date_gmt":"2023-08-23T14:38:13","guid":{"rendered":"https:\/\/42berlin.de\/?page_id=2461"},"modified":"2025-09-19T09:27:45","modified_gmt":"2025-09-19T07:27:45","slug":"studie-42-berlin","status":"publish","type":"page","link":"https:\/\/42berlin.de\/de\/study-42-berlin\/","title":{"rendered":"Studiengang an der 42 Berlin Free Coding School"},"content":{"rendered":"<div data-elementor-type=\"wp-page\" data-elementor-id=\"2461\" class=\"elementor elementor-2461\" data-elementor-post-type=\"page\">\n\t\t\t\t<div class=\"elementor-element elementor-element-f0c2a8d e-con-full e-flex e-con e-parent\" data-id=\"f0c2a8d\" data-element_type=\"container\" data-e-type=\"container\">\n\t\t\t\t<div class=\"elementor-element elementor-element-1e15b89 elementor-widget elementor-widget-spacer\" data-id=\"1e15b89\" data-element_type=\"widget\" data-e-type=\"widget\" data-widget_type=\"spacer.default\">\n\t\t\t\t\t\t\t<div class=\"elementor-spacer\">\n\t\t\t<div class=\"elementor-spacer-inner\"><\/div>\n\t\t<\/div>\n\t\t\t\t\t\t<\/div>\n\t\t\t\t<\/div>\n\t\t<div class=\"elementor-element elementor-element-04cbfcc e-con-full e-flex e-con e-parent\" data-id=\"04cbfcc\" data-element_type=\"container\" data-e-type=\"container\">\n\t\t<div class=\"elementor-element elementor-element-d6df2a0 e-flex e-con-boxed e-con e-child\" data-id=\"d6df2a0\" data-element_type=\"container\" data-e-type=\"container\">\n\t\t\t\t\t<div class=\"e-con-inner\">\n\t\t\t\t<div class=\"elementor-element elementor-element-fb45eda elementor-widget elementor-widget-heading\" data-id=\"fb45eda\" data-element_type=\"widget\" data-e-type=\"widget\" data-widget_type=\"heading.default\">\n\t\t\t\t\t<h1 class=\"elementor-heading-title elementor-size-default\">Das 42 Berlin Studienprogramm<\/h1>\t\t\t\t<\/div>\n\t\t\t\t<div class=\"elementor-element elementor-element-7d6fbb0 elementor-widget elementor-widget-text-editor\" data-id=\"7d6fbb0\" data-element_type=\"widget\" data-e-type=\"widget\" data-widget_type=\"text-editor.default\">\n\t\t\t\t\t\t\t\t\t<p>Die 42 Berlin Coding School, gegr\u00fcndet an der \u00c9cole 42 in Paris, bietet ein abwechslungsreiches Studium. Bevor die Studierenden offiziell an der 42 Berlin aufgenommen werden, m\u00fcssen sie erst die Piscine durchlaufen, einen einmonatigen Auswahltest.\u00a0<\/p><p>Unser Ansatz ist Kollaboration statt Konkurrenz, eine Methode, die das Scheitern wertsch\u00e4tzt und jedem Sch\u00fcler und jeder Sch\u00fclerin Autonomie \u00fcber ihre Lernreise gibt.<\/p>\t\t\t\t\t\t\t\t<\/div>\n\t\t\t\t\t<\/div>\n\t\t\t\t<\/div>\n\t\t\t\t<\/div>\n\t\t<div class=\"elementor-element elementor-element-1f9937b e-grid e-con-boxed e-con e-parent\" data-id=\"1f9937b\" data-element_type=\"container\" data-e-type=\"container\">\n\t\t\t\t\t<div class=\"e-con-inner\">\n\t\t<div class=\"elementor-element elementor-element-d705aae e-flex e-con-boxed e-con e-child\" data-id=\"d705aae\" data-element_type=\"container\" data-e-type=\"container\">\n\t\t\t\t\t<div class=\"e-con-inner\">\n\t\t\t\t<div class=\"elementor-element elementor-element-1a824a0 elementor-position-top elementor-widget elementor-widget-image-box\" data-id=\"1a824a0\" data-element_type=\"widget\" data-e-type=\"widget\" data-widget_type=\"image-box.default\">\n\t\t\t\t\t<div class=\"elementor-image-box-wrapper\"><figure class=\"elementor-image-box-img\"><a href=\"https:\/\/42berlin.de\/the-piscine\/\" tabindex=\"-1\"><img fetchpriority=\"high\" decoding=\"async\" width=\"603\" height=\"603\" src=\"https:\/\/42berlin.de\/wp-content\/uploads\/2023\/07\/42_Wolfsburg_Logical_Test-3.png\" class=\"attachment-full size-full wp-image-935\" alt=\"Codierschule: L\u00f6se eine Reihe von logischen Problemen und teste deine kognitiven F\u00e4higkeiten in unserem Nicht-Coding-Online-Spiel\" srcset=\"https:\/\/42berlin.de\/wp-content\/uploads\/2023\/07\/42_Wolfsburg_Logical_Test-3.png 603w, https:\/\/42berlin.de\/wp-content\/uploads\/2023\/07\/42_Wolfsburg_Logical_Test-3-300x300.png 300w, https:\/\/42berlin.de\/wp-content\/uploads\/2023\/07\/42_Wolfsburg_Logical_Test-3-150x150.png 150w\" sizes=\"(max-width: 603px) 100vw, 603px\" \/><\/a><\/figure><div class=\"elementor-image-box-content\"><h3 class=\"elementor-image-box-title\"><a href=\"https:\/\/42berlin.de\/the-piscine\/\">Das Piscine<\/a><\/h3><\/div><\/div>\t\t\t\t<\/div>\n\t\t\t\t\t<\/div>\n\t\t\t\t<\/div>\n\t\t\t\t<div class=\"elementor-element elementor-element-b30f10a elementor-position-top elementor-widget elementor-widget-image-box\" data-id=\"b30f10a\" data-element_type=\"widget\" data-e-type=\"widget\" data-widget_type=\"image-box.default\">\n\t\t\t\t\t<div class=\"elementor-image-box-wrapper\"><figure class=\"elementor-image-box-img\"><a href=\"https:\/\/42berlin.de\/curriculum-bln\/\" tabindex=\"-1\"><img decoding=\"async\" width=\"601\" height=\"600\" src=\"https:\/\/42berlin.de\/wp-content\/uploads\/2023\/07\/42_Berlin_Registration-1.png\" class=\"attachment-full size-full wp-image-934\" alt=\"Coding-Schule: Anmeldeverfahren bei 42 Berlin\" srcset=\"https:\/\/42berlin.de\/wp-content\/uploads\/2023\/07\/42_Berlin_Registration-1.png 601w, https:\/\/42berlin.de\/wp-content\/uploads\/2023\/07\/42_Berlin_Registration-1-300x300.png 300w, https:\/\/42berlin.de\/wp-content\/uploads\/2023\/07\/42_Berlin_Registration-1-150x150.png 150w\" sizes=\"(max-width: 601px) 100vw, 601px\" \/><\/a><\/figure><div class=\"elementor-image-box-content\"><h3 class=\"elementor-image-box-title\"><a href=\"https:\/\/42berlin.de\/curriculum-bln\/\">Der offizielle Lehrplan<\/a><\/h3><\/div><\/div>\t\t\t\t<\/div>\n\t\t\t\t\t<\/div>\n\t\t\t\t<\/div>\n\t\t\t\t<\/div>","protected":false},"excerpt":{"rendered":"<p>The 42 Berlin Study Program Founded in \u00e9cole 42 in Paris, the 42 Berlin coding school study program is comprised of different elements. Students must first pass through the Piscine, a month long selection test, before becoming an official student of 42 Berlin.&nbsp; Our approach is one of collaboration over competition, a method that values [&hellip;]<\/p>\n","protected":false},"author":6,"featured_media":1091,"parent":0,"menu_order":0,"comment_status":"closed","ping_status":"closed","template":"","meta":{"footnotes":""},"class_list":["post-2461","page","type-page","status-publish","has-post-thumbnail","hentry"],"yoast_head":"<!-- This site is optimized with the Yoast SEO plugin v27.2 - https:\/\/yoast.com\/product\/yoast-seo-wordpress\/ -->\n<title>Study Programme at 42 Berlin Free Coding School - 42 Berlin<\/title>\n<meta name=\"description\" content=\"Discover what you will learn at our software engineering school. Beginners and advanced coders welcome to apply now.\" \/>\n<meta name=\"robots\" content=\"index, follow, max-snippet:-1, max-image-preview:large, max-video-preview:-1\" \/>\n<link rel=\"canonical\" href=\"https:\/\/42berlin.de\/de\/studie-42-berlin\/\" \/>\n<meta property=\"og:locale\" content=\"de_DE\" \/>\n<meta property=\"og:type\" content=\"article\" \/>\n<meta property=\"og:title\" content=\"Study Programme at 42 Berlin Free Coding School - 42 Berlin\" \/>\n<meta property=\"og:description\" content=\"Discover what you will learn at our software engineering school. Beginners and advanced coders welcome to apply now.\" \/>\n<meta property=\"og:url\" content=\"https:\/\/42berlin.de\/de\/studie-42-berlin\/\" \/>\n<meta property=\"og:site_name\" content=\"42 Berlin\" \/>\n<meta property=\"article:publisher\" content=\"https:\/\/www.facebook.com\/42BLN\/\" \/>\n<meta property=\"article:modified_time\" content=\"2025-09-19T07:27:45+00:00\" \/>\n<meta property=\"og:image\" content=\"https:\/\/42berlin.de\/wp-content\/uploads\/2023\/07\/220112-42-Berlin-Opening-Event-219-scaled.jpg\" \/>\n\t<meta property=\"og:image:width\" content=\"2560\" \/>\n\t<meta property=\"og:image:height\" content=\"1708\" \/>\n\t<meta property=\"og:image:type\" content=\"image\/jpeg\" \/>\n<meta name=\"twitter:card\" content=\"summary_large_image\" \/>\n<meta name=\"twitter:site\" content=\"@42_berlin\" \/>\n<meta name=\"twitter:label1\" content=\"Gesch\u00e4tzte Lesezeit\" \/>\n\t<meta name=\"twitter:data1\" content=\"1\u00a0Minute\" \/>\n<script type=\"application\/ld+json\" class=\"yoast-schema-graph\">{\"@context\":\"https:\/\/schema.org\",\"@graph\":[{\"@type\":\"WebPage\",\"@id\":\"https:\/\/42berlin.de\/study-42-berlin\/\",\"url\":\"https:\/\/42berlin.de\/study-42-berlin\/\",\"name\":\"Study Programme at 42 Berlin Free Coding School - 42 Berlin\",\"isPartOf\":{\"@id\":\"https:\/\/42berlin.de\/#website\"},\"primaryImageOfPage\":{\"@id\":\"https:\/\/42berlin.de\/study-42-berlin\/#primaryimage\"},\"image\":{\"@id\":\"https:\/\/42berlin.de\/study-42-berlin\/#primaryimage\"},\"thumbnailUrl\":\"https:\/\/42berlin.de\/wp-content\/uploads\/2023\/07\/220112-42-Berlin-Opening-Event-219-scaled.jpg\",\"datePublished\":\"2023-08-23T14:38:13+00:00\",\"dateModified\":\"2025-09-19T07:27:45+00:00\",\"description\":\"Discover what you will learn at our software engineering school. Beginners and advanced coders welcome to apply now.\",\"breadcrumb\":{\"@id\":\"https:\/\/42berlin.de\/study-42-berlin\/#breadcrumb\"},\"inLanguage\":\"de\",\"potentialAction\":[{\"@type\":\"ReadAction\",\"target\":[\"https:\/\/42berlin.de\/study-42-berlin\/\"]}]},{\"@type\":\"ImageObject\",\"inLanguage\":\"de\",\"@id\":\"https:\/\/42berlin.de\/study-42-berlin\/#primaryimage\",\"url\":\"https:\/\/42berlin.de\/wp-content\/uploads\/2023\/07\/220112-42-Berlin-Opening-Event-219-scaled.jpg\",\"contentUrl\":\"https:\/\/42berlin.de\/wp-content\/uploads\/2023\/07\/220112-42-Berlin-Opening-Event-219-scaled.jpg\",\"width\":2560,\"height\":1708,\"caption\":\"Software engineers no the 42 Berlin campus\"},{\"@type\":\"BreadcrumbList\",\"@id\":\"https:\/\/42berlin.de\/study-42-berlin\/#breadcrumb\",\"itemListElement\":[{\"@type\":\"ListItem\",\"position\":1,\"name\":\"Home\",\"item\":\"https:\/\/42berlin.de\/\"},{\"@type\":\"ListItem\",\"position\":2,\"name\":\"Study Programme at 42 Berlin Free Coding School\"}]},{\"@type\":\"WebSite\",\"@id\":\"https:\/\/42berlin.de\/#website\",\"url\":\"https:\/\/42berlin.de\/\",\"name\":\"42 Berlin - Free Software Engineering School in Berlin\",\"description\":\"Free non-profit coding school in Neuk\u00f6lln, Berlin\",\"publisher\":{\"@id\":\"https:\/\/42berlin.de\/#organization\"},\"potentialAction\":[{\"@type\":\"SearchAction\",\"target\":{\"@type\":\"EntryPoint\",\"urlTemplate\":\"https:\/\/42berlin.de\/?s={search_term_string}\"},\"query-input\":{\"@type\":\"PropertyValueSpecification\",\"valueRequired\":true,\"valueName\":\"search_term_string\"}}],\"inLanguage\":\"de\"},{\"@type\":\"Organization\",\"@id\":\"https:\/\/42berlin.de\/#organization\",\"name\":\"42 Berlin\",\"alternateName\":\"42 Berlin\",\"url\":\"https:\/\/42berlin.de\/\",\"logo\":{\"@type\":\"ImageObject\",\"inLanguage\":\"de\",\"@id\":\"https:\/\/42berlin.de\/#\/schema\/logo\/image\/\",\"url\":\"https:\/\/42berlin.de\/wp-content\/uploads\/2023\/07\/cropped-new-2-pink-logo-for-site.png\",\"contentUrl\":\"https:\/\/42berlin.de\/wp-content\/uploads\/2023\/07\/cropped-new-2-pink-logo-for-site.png\",\"width\":512,\"height\":512,\"caption\":\"42 Berlin\"},\"image\":{\"@id\":\"https:\/\/42berlin.de\/#\/schema\/logo\/image\/\"},\"sameAs\":[\"https:\/\/www.facebook.com\/42BLN\/\",\"https:\/\/x.com\/42_berlin\",\"https:\/\/www.instagram.com\/42berlin_\/\",\"https:\/\/www.linkedin.com\/school\/77000438\/admin\/dashboard\/\"]}]}<\/script>\n<!-- \/ Yoast SEO plugin. -->","yoast_head_json":{"title":"Studiengang an der 42 Berlin Free Coding School \u2013 42 Berlin","description":"Entdecke, was du an unserer Software-Engineering-Schule lernst. Anf\u00e4nger und Fortgeschrittene sind herzlich eingeladen, sich jetzt zu bewerben.","robots":{"index":"index","follow":"follow","max-snippet":"max-snippet:-1","max-image-preview":"max-image-preview:large","max-video-preview":"max-video-preview:-1"},"canonical":"https:\/\/42berlin.de\/de\/studie-42-berlin\/","og_locale":"de_DE","og_type":"article","og_title":"Study Programme at 42 Berlin Free Coding School - 42 Berlin","og_description":"Discover what you will learn at our software engineering school. Beginners and advanced coders welcome to apply now.","og_url":"https:\/\/42berlin.de\/de\/studie-42-berlin\/","og_site_name":"42 Berlin","article_publisher":"https:\/\/www.facebook.com\/42BLN\/","article_modified_time":"2025-09-19T07:27:45+00:00","og_image":[{"width":2560,"height":1708,"url":"https:\/\/42berlin.de\/wp-content\/uploads\/2023\/07\/220112-42-Berlin-Opening-Event-219-scaled.jpg","type":"image\/jpeg"}],"twitter_card":"summary_large_image","twitter_site":"@42_berlin","twitter_misc":{"Gesch\u00e4tzte Lesezeit":"1\u00a0Minute"},"schema":{"@context":"https:\/\/schema.org","@graph":[{"@type":"WebPage","@id":"https:\/\/42berlin.de\/study-42-berlin\/","url":"https:\/\/42berlin.de\/study-42-berlin\/","name":"Studiengang an der 42 Berlin Free Coding School \u2013 42 Berlin","isPartOf":{"@id":"https:\/\/42berlin.de\/#website"},"primaryImageOfPage":{"@id":"https:\/\/42berlin.de\/study-42-berlin\/#primaryimage"},"image":{"@id":"https:\/\/42berlin.de\/study-42-berlin\/#primaryimage"},"thumbnailUrl":"https:\/\/42berlin.de\/wp-content\/uploads\/2023\/07\/220112-42-Berlin-Opening-Event-219-scaled.jpg","datePublished":"2023-08-23T14:38:13+00:00","dateModified":"2025-09-19T07:27:45+00:00","description":"Entdecke, was du an unserer Software-Engineering-Schule lernst. Anf\u00e4nger und Fortgeschrittene sind herzlich eingeladen, sich jetzt zu bewerben.","breadcrumb":{"@id":"https:\/\/42berlin.de\/study-42-berlin\/#breadcrumb"},"inLanguage":"de","potentialAction":[{"@type":"ReadAction","target":["https:\/\/42berlin.de\/study-42-berlin\/"]}]},{"@type":"ImageObject","inLanguage":"de","@id":"https:\/\/42berlin.de\/study-42-berlin\/#primaryimage","url":"https:\/\/42berlin.de\/wp-content\/uploads\/2023\/07\/220112-42-Berlin-Opening-Event-219-scaled.jpg","contentUrl":"https:\/\/42berlin.de\/wp-content\/uploads\/2023\/07\/220112-42-Berlin-Opening-Event-219-scaled.jpg","width":2560,"height":1708,"caption":"Software engineers no the 42 Berlin campus"},{"@type":"BreadcrumbList","@id":"https:\/\/42berlin.de\/study-42-berlin\/#breadcrumb","itemListElement":[{"@type":"ListItem","position":1,"name":"Home","item":"https:\/\/42berlin.de\/"},{"@type":"ListItem","position":2,"name":"Study Programme at 42 Berlin Free Coding School"}]},{"@type":"WebSite","@id":"https:\/\/42berlin.de\/#website","url":"https:\/\/42berlin.de\/","name":"42 Berlin - Freie Softwareentwicklungsschule in Berlin","description":"Kostenlose gemeinn\u00fctzige Programmierschule in Neuk\u00f6lln, Berlin","publisher":{"@id":"https:\/\/42berlin.de\/#organization"},"potentialAction":[{"@type":"SearchAction","target":{"@type":"EntryPoint","urlTemplate":"https:\/\/42berlin.de\/?s={search_term_string}"},"query-input":{"@type":"PropertyValueSpecification","valueRequired":true,"valueName":"search_term_string"}}],"inLanguage":"de"},{"@type":"Organization","@id":"https:\/\/42berlin.de\/#organization","name":"42 Berlin","alternateName":"42 Berlin","url":"https:\/\/42berlin.de\/","logo":{"@type":"ImageObject","inLanguage":"de","@id":"https:\/\/42berlin.de\/#\/schema\/logo\/image\/","url":"https:\/\/42berlin.de\/wp-content\/uploads\/2023\/07\/cropped-new-2-pink-logo-for-site.png","contentUrl":"https:\/\/42berlin.de\/wp-content\/uploads\/2023\/07\/cropped-new-2-pink-logo-for-site.png","width":512,"height":512,"caption":"42 Berlin"},"image":{"@id":"https:\/\/42berlin.de\/#\/schema\/logo\/image\/"},"sameAs":["https:\/\/www.facebook.com\/42BLN\/","https:\/\/x.com\/42_berlin","https:\/\/www.instagram.com\/42berlin_\/","https:\/\/www.linkedin.com\/school\/77000438\/admin\/dashboard\/"]}]}},"_links":{"self":[{"href":"https:\/\/42berlin.de\/de\/wp-json\/wp\/v2\/pages\/2461","targetHints":{"allow":["GET"]}}],"collection":[{"href":"https:\/\/42berlin.de\/de\/wp-json\/wp\/v2\/pages"}],"about":[{"href":"https:\/\/42berlin.de\/de\/wp-json\/wp\/v2\/types\/page"}],"author":[{"embeddable":true,"href":"https:\/\/42berlin.de\/de\/wp-json\/wp\/v2\/users\/6"}],"replies":[{"embeddable":true,"href":"https:\/\/42berlin.de\/de\/wp-json\/wp\/v2\/comments?post=2461"}],"version-history":[{"count":0,"href":"https:\/\/42berlin.de\/de\/wp-json\/wp\/v2\/pages\/2461\/revisions"}],"wp:featuredmedia":[{"embeddable":true,"href":"https:\/\/42berlin.de\/de\/wp-json\/wp\/v2\/media\/1091"}],"wp:attachment":[{"href":"https:\/\/42berlin.de\/de\/wp-json\/wp\/v2\/media?parent=2461"}],"curies":[{"name":"wp","href":"https:\/\/api.w.org\/{rel}","templated":true}]}}