{"id":2466,"date":"2023-08-28T14:35:21","date_gmt":"2023-08-28T14:35:21","guid":{"rendered":"https:\/\/42berlin.de\/?page_id=2466"},"modified":"2025-02-14T12:00:01","modified_gmt":"2025-02-14T10:00:01","slug":"sommerfest","status":"publish","type":"page","link":"https:\/\/42berlin.de\/de\/summerfest\/","title":{"rendered":"Sommerfest an der 42 Berlin Coding School"},"content":{"rendered":"<div data-elementor-type=\"wp-page\" data-elementor-id=\"2466\" class=\"elementor elementor-2466\" data-elementor-post-type=\"page\">\n\t\t\t\t<div class=\"elementor-element elementor-element-be43d8f e-flex e-con-boxed e-con e-parent\" data-id=\"be43d8f\" data-element_type=\"container\" data-e-type=\"container\">\n\t\t\t\t\t<div class=\"e-con-inner\">\n\t\t<div class=\"elementor-element elementor-element-f150e2a e-con-full e-flex e-con e-child\" data-id=\"f150e2a\" data-element_type=\"container\" data-e-type=\"container\">\n\t\t\t\t<div class=\"elementor-element elementor-element-260167f elementor-widget elementor-widget-image\" data-id=\"260167f\" data-element_type=\"widget\" data-e-type=\"widget\" data-widget_type=\"image.default\">\n\t\t\t\t\t\t\t\t\t\t\t\t\t\t\t<img decoding=\"async\" src=\"https:\/\/42berlin.de\/wp-content\/uploads\/elementor\/thumbs\/Summerfest-2-e1693234643694-rlfnbhm0vanylr04ydrihiex623khimu8fn7nqdq60.png\" title=\"Sommerfest (2)\" alt=\"Sommerfest (2)\" loading=\"lazy\" \/>\t\t\t\t\t\t\t\t\t\t\t\t\t\t\t<\/div>\n\t\t\t\t<\/div>\n\t\t\t\t\t<\/div>\n\t\t\t\t<\/div>\n\t\t<div class=\"elementor-element elementor-element-87ea8e7 e-flex e-con-boxed e-con e-parent\" data-id=\"87ea8e7\" data-element_type=\"container\" data-e-type=\"container\">\n\t\t\t\t\t<div class=\"e-con-inner\">\n\t\t<div class=\"elementor-element elementor-element-866204e e-con-full e-flex e-con e-child\" data-id=\"866204e\" data-element_type=\"container\" data-e-type=\"container\">\n\t\t\t\t<div class=\"elementor-element elementor-element-e663442 elementor-widget elementor-widget-text-editor\" data-id=\"e663442\" data-element_type=\"widget\" data-e-type=\"widget\" data-widget_type=\"text-editor.default\">\n\t\t\t\t\t\t\t\t\t<p>\u23f3 31.08.2023 | 15:00 UHR @HARZERSTR. 42<\/p>\t\t\t\t\t\t\t\t<\/div>\n\t\t\t\t<div class=\"elementor-element elementor-element-4d062c5 elementor-widget elementor-widget-heading\" data-id=\"4d062c5\" data-element_type=\"widget\" data-e-type=\"widget\" data-settings=\"{&quot;_animation_mobile&quot;:&quot;fadeInUp&quot;}\" data-widget_type=\"heading.default\">\n\t\t\t\t\t<h2 class=\"elementor-heading-title elementor-size-default\">Sommerfest<\/h2>\t\t\t\t<\/div>\n\t\t\t\t<div class=\"elementor-element elementor-element-314369a elementor-widget-mobile__width-initial elementor-widget elementor-widget-text-editor\" data-id=\"314369a\" data-element_type=\"widget\" data-e-type=\"widget\" data-widget_type=\"text-editor.default\">\n\t\t\t\t\t\t\t\t\t<p style=\"margin: 0px; padding: 0px; color: #6f7287; font-size: 16px; line-height: 1.5rem; font-family: 'Neue Plak', -apple-system, 'system-ui', Roboto, 'Helvetica Neue', Helvetica, Tahoma, Arial, sans-serif;\">Am 31. August 2023, 15:00-22:00 Uhr MEZ, werden wir unser j\u00e4hrliches Sommerfest veranstalten. Dann kommt die ganze Gemeinde zusammen, um zu feiern, wie weit wir gekommen sind und was f\u00fcr eine sch\u00f6ne Reise wir noch vor uns haben.<\/p><p style=\"margin: 0px; padding: 10px 0px 0px; color: #6f7287; font-size: 16px; line-height: 1.5rem; font-family: 'Neue Plak', -apple-system, 'system-ui', Roboto, 'Helvetica Neue', Helvetica, Tahoma, Arial, sans-serif;\">An diesem Tag wird es eine Vielzahl von Workshops, Auff\u00fchrungen, Musik, Vortr\u00e4gen, Essen und Getr\u00e4nken f\u00fcr die Teilnehmer geben.<\/p><p style=\"margin: 0px; padding: 10px 0px 0px; color: #6f7287; font-size: 16px; line-height: 1.5rem; font-family: 'Neue Plak', -apple-system, 'system-ui', Roboto, 'Helvetica Neue', Helvetica, Tahoma, Arial, sans-serif;\">Die Teilnahme an dieser Veranstaltung ist kostenlos, aber du musst dich anmelden.\u00a0<\/p><p style=\"margin: 0px; padding: 10px 0px 0px; color: #6f7287; font-size: 16px; line-height: 1.5rem; font-family: 'Neue Plak', -apple-system, 'system-ui', Roboto, 'Helvetica Neue', Helvetica, Tahoma, Arial, sans-serif;\">\u00a0<\/p>\t\t\t\t\t\t\t\t<\/div>\n\t\t\t\t<div class=\"elementor-element elementor-element-d0b3212 elementor-align-center elementor-mobile-align-left pink-img elementor-widget elementor-widget-button\" data-id=\"d0b3212\" data-element_type=\"widget\" data-e-type=\"widget\" data-widget_type=\"button.default\">\n\t\t\t\t\t\t\t\t\t\t<a class=\"elementor-button elementor-button-link elementor-size-sm\" href=\"https:\/\/www.eventbrite.de\/e\/summerfest-42-berlin-tickets-671511698567?aff=ebdsoporgprofile\">\n\t\t\t\t\t\t<span class=\"elementor-button-content-wrapper\">\n\t\t\t\t\t\t\t\t\t<span class=\"elementor-button-text\">Registrierung<\/span>\n\t\t\t\t\t<\/span>\n\t\t\t\t\t<\/a>\n\t\t\t\t\t\t\t\t<\/div>\n\t\t\t\t<\/div>\n\t\t<div class=\"elementor-element elementor-element-764489a e-con-full e-flex e-con e-child\" data-id=\"764489a\" data-element_type=\"container\" data-e-type=\"container\">\n\t\t\t\t<div class=\"elementor-element elementor-element-a94536e elementor-widget elementor-widget-google_maps\" data-id=\"a94536e\" data-element_type=\"widget\" data-e-type=\"widget\" data-widget_type=\"google_maps.default\">\n\t\t\t\t\t\t\t<div class=\"elementor-custom-embed\">\n\t\t\t<iframe loading=\"lazy\"\n\t\t\t\t\tsrc=\"https:\/\/maps.google.com\/maps?q=Harzerstr.%2042%2C%20Berlin&#038;t=m&#038;z=10&#038;output=embed&#038;iwloc=near\"\n\t\t\t\t\ttitle=\"Harzerstr. 42, Berlin\"\n\t\t\t\t\taria-label=\"Harzerstr. 42, Berlin\"\n\t\t\t><\/iframe>\n\t\t<\/div>\n\t\t\t\t\t\t<\/div>\n\t\t\t\t<\/div>\n\t\t\t\t\t<\/div>\n\t\t\t\t<\/div>\n\t\t<div class=\"elementor-element elementor-element-1ef5bc8 e-flex e-con-boxed e-con e-parent\" data-id=\"1ef5bc8\" data-element_type=\"container\" data-e-type=\"container\">\n\t\t\t\t\t<div class=\"e-con-inner\">\n\t\t\t\t<div class=\"elementor-element elementor-element-497c0a8 elementor-widget-divider--view-line elementor-widget elementor-widget-divider\" data-id=\"497c0a8\" data-element_type=\"widget\" data-e-type=\"widget\" data-widget_type=\"divider.default\">\n\t\t\t\t\t\t\t<div class=\"elementor-divider\">\n\t\t\t<span class=\"elementor-divider-separator\">\n\t\t\t\t\t\t<\/span>\n\t\t<\/div>\n\t\t\t\t\t\t<\/div>\n\t\t\t\t\t<\/div>\n\t\t\t\t<\/div>\n\t\t<div class=\"elementor-element elementor-element-53300de e-flex e-con-boxed e-con e-parent\" data-id=\"53300de\" data-element_type=\"container\" data-e-type=\"container\">\n\t\t\t\t\t<div class=\"e-con-inner\">\n\t\t\t\t<div class=\"elementor-element elementor-element-424f6fc elementor-widget elementor-widget-heading\" data-id=\"424f6fc\" data-element_type=\"widget\" data-e-type=\"widget\" data-widget_type=\"heading.default\">\n\t\t\t\t\t<h1 class=\"elementor-heading-title elementor-size-default\">TAGESORDNUNG UND CAMPUSPLAN <\/h1>\t\t\t\t<\/div>\n\t\t\t\t\t<\/div>\n\t\t\t\t<\/div>\n\t\t<div class=\"elementor-element elementor-element-c75eada e-flex e-con-boxed e-con e-parent\" data-id=\"c75eada\" data-element_type=\"container\" data-e-type=\"container\">\n\t\t\t\t\t<div class=\"e-con-inner\">\n\t\t\t\t<div class=\"elementor-element elementor-element-91150a2 elementor-widget elementor-widget-text-editor\" data-id=\"91150a2\" data-element_type=\"widget\" data-e-type=\"widget\" data-widget_type=\"text-editor.default\">\n\t\t\t\t\t\t\t\t\t<p>HIER FINDEST DU EINIGE N\u00dcTZLICHE INFORMATIONEN F\u00dcR DEN TAG. PROGRAMM UNSERES FESTIVALS UND EINE KARTE DES GEL\u00c4NDES, DIE DIR DIE ORIENTIERUNG AM TAG ERLEICHTERT.\u00a0<\/p>\t\t\t\t\t\t\t\t<\/div>\n\t\t\t\t\t<\/div>\n\t\t\t\t<\/div>\n\t\t<div class=\"elementor-element elementor-element-43460f8 e-flex e-con-boxed e-con e-parent\" data-id=\"43460f8\" data-element_type=\"container\" data-e-type=\"container\">\n\t\t\t\t\t<div class=\"e-con-inner\">\n\t\t<div class=\"elementor-element elementor-element-97f470d e-con-full e-flex e-con e-child\" data-id=\"97f470d\" data-element_type=\"container\" data-e-type=\"container\">\n\t\t\t\t<div class=\"elementor-element elementor-element-9be2673 elementor-widget elementor-widget-image\" data-id=\"9be2673\" data-element_type=\"widget\" data-e-type=\"widget\" data-widget_type=\"image.default\">\n\t\t\t\t\t\t\t\t\t\t\t\t\t\t\t<img fetchpriority=\"high\" decoding=\"async\" width=\"724\" height=\"1024\" src=\"https:\/\/42berlin.de\/wp-content\/uploads\/2023\/08\/Summerfest-Programme-Map-2-724x1024.png\" class=\"attachment-large size-large wp-image-2473\" alt=\"\" srcset=\"https:\/\/42berlin.de\/wp-content\/uploads\/2023\/08\/Summerfest-Programme-Map-2-724x1024.png 724w, https:\/\/42berlin.de\/wp-content\/uploads\/2023\/08\/Summerfest-Programme-Map-2-212x300.png 212w, https:\/\/42berlin.de\/wp-content\/uploads\/2023\/08\/Summerfest-Programme-Map-2-768x1087.png 768w, https:\/\/42berlin.de\/wp-content\/uploads\/2023\/08\/Summerfest-Programme-Map-2-1086x1536.png 1086w, https:\/\/42berlin.de\/wp-content\/uploads\/2023\/08\/Summerfest-Programme-Map-2-1448x2048.png 1448w, https:\/\/42berlin.de\/wp-content\/uploads\/2023\/08\/Summerfest-Programme-Map-2.png 1767w\" sizes=\"(max-width: 724px) 100vw, 724px\" \/>\t\t\t\t\t\t\t\t\t\t\t\t\t\t\t<\/div>\n\t\t\t\t<\/div>\n\t\t<div class=\"elementor-element elementor-element-94c278d e-con-full e-flex e-con e-child\" data-id=\"94c278d\" data-element_type=\"container\" data-e-type=\"container\">\n\t\t\t\t<div class=\"elementor-element elementor-element-12ccdc0 elementor-widget elementor-widget-image\" data-id=\"12ccdc0\" data-element_type=\"widget\" data-e-type=\"widget\" data-widget_type=\"image.default\">\n\t\t\t\t\t\t\t\t\t\t\t\t\t\t\t<img decoding=\"async\" width=\"724\" height=\"1024\" src=\"https:\/\/42berlin.de\/wp-content\/uploads\/2023\/08\/Summerfest-Programme-Map-4-724x1024.png\" class=\"attachment-large size-large wp-image-2491\" alt=\"\" srcset=\"https:\/\/42berlin.de\/wp-content\/uploads\/2023\/08\/Summerfest-Programme-Map-4-724x1024.png 724w, https:\/\/42berlin.de\/wp-content\/uploads\/2023\/08\/Summerfest-Programme-Map-4-212x300.png 212w, https:\/\/42berlin.de\/wp-content\/uploads\/2023\/08\/Summerfest-Programme-Map-4-768x1087.png 768w, https:\/\/42berlin.de\/wp-content\/uploads\/2023\/08\/Summerfest-Programme-Map-4-1086x1536.png 1086w, https:\/\/42berlin.de\/wp-content\/uploads\/2023\/08\/Summerfest-Programme-Map-4-1448x2048.png 1448w, https:\/\/42berlin.de\/wp-content\/uploads\/2023\/08\/Summerfest-Programme-Map-4.png 1767w\" sizes=\"(max-width: 724px) 100vw, 724px\" \/>\t\t\t\t\t\t\t\t\t\t\t\t\t\t\t<\/div>\n\t\t\t\t<\/div>\n\t\t\t\t\t<\/div>\n\t\t\t\t<\/div>\n\t\t<div class=\"elementor-element elementor-element-1a0a1ac e-flex e-con-boxed e-con e-parent\" data-id=\"1a0a1ac\" data-element_type=\"container\" data-e-type=\"container\">\n\t\t\t\t\t<div class=\"e-con-inner\">\n\t\t\t\t<div class=\"elementor-element elementor-element-08ab49b elementor-widget__width-initial elementor-widget-tablet__width-initial elementor-widget elementor-widget-text-editor\" data-id=\"08ab49b\" data-element_type=\"widget\" data-e-type=\"widget\" data-widget_type=\"text-editor.default\">\n\t\t\t\t\t\t\t\t\t<h3>\u00a0<\/h3><p style=\"text-align: center;\">Wir sehen uns dort!\u00a0<\/p><p style=\"text-align: center;\">-&gt; Dein 42 Berlin Team\u00a0<\/p>\t\t\t\t\t\t\t\t<\/div>\n\t\t\t\t\t<\/div>\n\t\t\t\t<\/div>\n\t\t<div class=\"elementor-element elementor-element-d41f84e elementor-hidden-mobile e-flex e-con-boxed e-con e-parent\" data-id=\"d41f84e\" data-element_type=\"container\" data-e-type=\"container\">\n\t\t\t\t\t<div class=\"e-con-inner\">\n\t\t<div class=\"elementor-element elementor-element-0c5c3c4 e-flex e-con-boxed e-con e-child\" data-id=\"0c5c3c4\" data-element_type=\"container\" data-e-type=\"container\" data-settings=\"{&quot;background_background&quot;:&quot;classic&quot;}\">\n\t\t\t\t\t<div class=\"e-con-inner\">\n\t\t\t\t<div class=\"elementor-element elementor-element-4e08312 elementor-invisible elementor-widget elementor-widget-heading\" data-id=\"4e08312\" data-element_type=\"widget\" data-e-type=\"widget\" data-settings=\"{&quot;_animation&quot;:&quot;fadeInUp&quot;}\" data-widget_type=\"heading.default\">\n\t\t\t\t\t<h2 class=\"elementor-heading-title elementor-size-default\">Auf dem Laufenden bleiben<\/h2>\t\t\t\t<\/div>\n\t\t\t\t<div class=\"elementor-element elementor-element-4ae43c1 elementor-widget elementor-widget-text-editor\" data-id=\"4ae43c1\" data-element_type=\"widget\" data-e-type=\"widget\" data-widget_type=\"text-editor.default\">\n\t\t\t\t\t\t\t\t\tFolge uns auf Instagram f\u00fcr regelm\u00e4\u00dfige Updates.\t\t\t\t\t\t\t\t<\/div>\n\t\t\t\t<div class=\"elementor-element elementor-element-b78a6b6 elementor-align-left elementor-mobile-align-left pink-img elementor-widget elementor-widget-button\" data-id=\"b78a6b6\" data-element_type=\"widget\" data-e-type=\"widget\" data-widget_type=\"button.default\">\n\t\t\t\t\t\t\t\t\t\t<a class=\"elementor-button elementor-button-link elementor-size-sm\" href=\"#\">\n\t\t\t\t\t\t<span class=\"elementor-button-content-wrapper\">\n\t\t\t\t\t\t\t\t\t<span class=\"elementor-button-text\">Instagram<\/span>\n\t\t\t\t\t<\/span>\n\t\t\t\t\t<\/a>\n\t\t\t\t\t\t\t\t<\/div>\n\t\t\t\t\t<\/div>\n\t\t\t\t<\/div>\n\t\t\t\t\t<\/div>\n\t\t\t\t<\/div>\n\t\t<div class=\"elementor-element elementor-element-2350098 e-flex e-con-boxed e-con e-parent\" data-id=\"2350098\" data-element_type=\"container\" data-e-type=\"container\">\n\t\t\t\t\t<div class=\"e-con-inner\">\n\t\t\t\t\t<\/div>\n\t\t\t\t<\/div>\n\t\t\t\t<\/div>","protected":false},"excerpt":{"rendered":"<p>\u23f3 31.08.2023 | 3:00 PM @HARZERSTR. 42 Summerfest On 31st August 2023, 15:00-22:00 CET, we will throw our annual Summerfest. A time where the whole community will come together to celebrate how far we&#8217;ve come and what a beautiful ride we still have ahead. On the day there will be a myriad of workshops, performances, [&hellip;]<\/p>\n","protected":false},"author":6,"featured_media":0,"parent":0,"menu_order":0,"comment_status":"closed","ping_status":"closed","template":"elementor_header_footer","meta":{"footnotes":""},"class_list":["post-2466","page","type-page","status-publish","hentry"],"yoast_head":"<!-- This site is optimized with the Yoast SEO plugin v27.2 - https:\/\/yoast.com\/product\/yoast-seo-wordpress\/ -->\n<title>Summerfest at 42 Berlin Coding School - 42 Berlin<\/title>\n<meta name=\"robots\" content=\"index, follow, max-snippet:-1, max-image-preview:large, max-video-preview:-1\" \/>\n<link rel=\"canonical\" href=\"https:\/\/42berlin.de\/de\/sommerfest\/\" \/>\n<meta property=\"og:locale\" content=\"de_DE\" \/>\n<meta property=\"og:type\" content=\"article\" \/>\n<meta property=\"og:title\" content=\"Summerfest at 42 Berlin Coding School - 42 Berlin\" \/>\n<meta property=\"og:description\" content=\"\u23f3 31.08.2023 | 3:00 PM @HARZERSTR. 42 Summerfest On 31st August 2023, 15:00-22:00 CET, we will throw our annual Summerfest. A time where the whole community will come together to celebrate how far we&#8217;ve come and what a beautiful ride we still have ahead. On the day there will be a myriad of workshops, performances, [&hellip;]\" \/>\n<meta property=\"og:url\" content=\"https:\/\/42berlin.de\/de\/sommerfest\/\" \/>\n<meta property=\"og:site_name\" content=\"42 Berlin\" \/>\n<meta property=\"article:publisher\" content=\"https:\/\/www.facebook.com\/42BLN\/\" \/>\n<meta property=\"article:modified_time\" content=\"2025-02-14T10:00:01+00:00\" \/>\n<meta property=\"og:image\" content=\"https:\/\/42berlin.de\/wp-content\/uploads\/elementor\/thumbs\/Summerfest-2-e1693234643694-qbkz5l3srlfyh5w9np3olbio6p5k7yeoxi3te16v20.png\" \/>\n<meta name=\"twitter:card\" content=\"summary_large_image\" \/>\n<meta name=\"twitter:site\" content=\"@42_berlin\" \/>\n<meta name=\"twitter:label1\" content=\"Gesch\u00e4tzte Lesezeit\" \/>\n\t<meta name=\"twitter:data1\" content=\"2\u00a0Minuten\" \/>\n<script type=\"application\/ld+json\" class=\"yoast-schema-graph\">{\"@context\":\"https:\/\/schema.org\",\"@graph\":[{\"@type\":\"WebPage\",\"@id\":\"https:\/\/42berlin.de\/summerfest\/\",\"url\":\"https:\/\/42berlin.de\/summerfest\/\",\"name\":\"Summerfest at 42 Berlin Coding School - 42 Berlin\",\"isPartOf\":{\"@id\":\"https:\/\/42berlin.de\/#website\"},\"primaryImageOfPage\":{\"@id\":\"https:\/\/42berlin.de\/summerfest\/#primaryimage\"},\"image\":{\"@id\":\"https:\/\/42berlin.de\/summerfest\/#primaryimage\"},\"thumbnailUrl\":\"https:\/\/42berlin.de\/wp-content\/uploads\/elementor\/thumbs\/Summerfest-2-e1693234643694-qbkz5l3srlfyh5w9np3olbio6p5k7yeoxi3te16v20.png\",\"datePublished\":\"2023-08-28T14:35:21+00:00\",\"dateModified\":\"2025-02-14T10:00:01+00:00\",\"breadcrumb\":{\"@id\":\"https:\/\/42berlin.de\/summerfest\/#breadcrumb\"},\"inLanguage\":\"de\",\"potentialAction\":[{\"@type\":\"ReadAction\",\"target\":[\"https:\/\/42berlin.de\/summerfest\/\"]}]},{\"@type\":\"ImageObject\",\"inLanguage\":\"de\",\"@id\":\"https:\/\/42berlin.de\/summerfest\/#primaryimage\",\"url\":\"https:\/\/42berlin.de\/wp-content\/uploads\/elementor\/thumbs\/Summerfest-2-e1693234643694-qbkz5l3srlfyh5w9np3olbio6p5k7yeoxi3te16v20.png\",\"contentUrl\":\"https:\/\/42berlin.de\/wp-content\/uploads\/elementor\/thumbs\/Summerfest-2-e1693234643694-qbkz5l3srlfyh5w9np3olbio6p5k7yeoxi3te16v20.png\"},{\"@type\":\"BreadcrumbList\",\"@id\":\"https:\/\/42berlin.de\/summerfest\/#breadcrumb\",\"itemListElement\":[{\"@type\":\"ListItem\",\"position\":1,\"name\":\"Home\",\"item\":\"https:\/\/42berlin.de\/\"},{\"@type\":\"ListItem\",\"position\":2,\"name\":\"Summerfest at 42 Berlin Coding School\"}]},{\"@type\":\"WebSite\",\"@id\":\"https:\/\/42berlin.de\/#website\",\"url\":\"https:\/\/42berlin.de\/\",\"name\":\"42 Berlin - Free Software Engineering School in Berlin\",\"description\":\"Free non-profit coding school in Neuk\u00f6lln, Berlin\",\"publisher\":{\"@id\":\"https:\/\/42berlin.de\/#organization\"},\"potentialAction\":[{\"@type\":\"SearchAction\",\"target\":{\"@type\":\"EntryPoint\",\"urlTemplate\":\"https:\/\/42berlin.de\/?s={search_term_string}\"},\"query-input\":{\"@type\":\"PropertyValueSpecification\",\"valueRequired\":true,\"valueName\":\"search_term_string\"}}],\"inLanguage\":\"de\"},{\"@type\":\"Organization\",\"@id\":\"https:\/\/42berlin.de\/#organization\",\"name\":\"42 Berlin\",\"alternateName\":\"42 Berlin\",\"url\":\"https:\/\/42berlin.de\/\",\"logo\":{\"@type\":\"ImageObject\",\"inLanguage\":\"de\",\"@id\":\"https:\/\/42berlin.de\/#\/schema\/logo\/image\/\",\"url\":\"https:\/\/42berlin.de\/wp-content\/uploads\/2023\/07\/cropped-new-2-pink-logo-for-site.png\",\"contentUrl\":\"https:\/\/42berlin.de\/wp-content\/uploads\/2023\/07\/cropped-new-2-pink-logo-for-site.png\",\"width\":512,\"height\":512,\"caption\":\"42 Berlin\"},\"image\":{\"@id\":\"https:\/\/42berlin.de\/#\/schema\/logo\/image\/\"},\"sameAs\":[\"https:\/\/www.facebook.com\/42BLN\/\",\"https:\/\/x.com\/42_berlin\",\"https:\/\/www.instagram.com\/42berlin_\/\",\"https:\/\/www.linkedin.com\/school\/77000438\/admin\/dashboard\/\"]}]}<\/script>\n<!-- \/ Yoast SEO plugin. -->","yoast_head_json":{"title":"Sommerfest in der 42 Berlin Coding School - 42 Berlin","robots":{"index":"index","follow":"follow","max-snippet":"max-snippet:-1","max-image-preview":"max-image-preview:large","max-video-preview":"max-video-preview:-1"},"canonical":"https:\/\/42berlin.de\/de\/sommerfest\/","og_locale":"de_DE","og_type":"article","og_title":"Summerfest at 42 Berlin Coding School - 42 Berlin","og_description":"\u23f3 31.08.2023 | 3:00 PM @HARZERSTR. 42 Summerfest On 31st August 2023, 15:00-22:00 CET, we will throw our annual Summerfest. A time where the whole community will come together to celebrate how far we&#8217;ve come and what a beautiful ride we still have ahead. On the day there will be a myriad of workshops, performances, [&hellip;]","og_url":"https:\/\/42berlin.de\/de\/sommerfest\/","og_site_name":"42 Berlin","article_publisher":"https:\/\/www.facebook.com\/42BLN\/","article_modified_time":"2025-02-14T10:00:01+00:00","og_image":[{"url":"https:\/\/42berlin.de\/wp-content\/uploads\/elementor\/thumbs\/Summerfest-2-e1693234643694-qbkz5l3srlfyh5w9np3olbio6p5k7yeoxi3te16v20.png","type":"","width":"","height":""}],"twitter_card":"summary_large_image","twitter_site":"@42_berlin","twitter_misc":{"Gesch\u00e4tzte Lesezeit":"2\u00a0Minuten"},"schema":{"@context":"https:\/\/schema.org","@graph":[{"@type":"WebPage","@id":"https:\/\/42berlin.de\/summerfest\/","url":"https:\/\/42berlin.de\/summerfest\/","name":"Sommerfest in der 42 Berlin Coding School - 42 Berlin","isPartOf":{"@id":"https:\/\/42berlin.de\/#website"},"primaryImageOfPage":{"@id":"https:\/\/42berlin.de\/summerfest\/#primaryimage"},"image":{"@id":"https:\/\/42berlin.de\/summerfest\/#primaryimage"},"thumbnailUrl":"https:\/\/42berlin.de\/wp-content\/uploads\/elementor\/thumbs\/Summerfest-2-e1693234643694-qbkz5l3srlfyh5w9np3olbio6p5k7yeoxi3te16v20.png","datePublished":"2023-08-28T14:35:21+00:00","dateModified":"2025-02-14T10:00:01+00:00","breadcrumb":{"@id":"https:\/\/42berlin.de\/summerfest\/#breadcrumb"},"inLanguage":"de","potentialAction":[{"@type":"ReadAction","target":["https:\/\/42berlin.de\/summerfest\/"]}]},{"@type":"ImageObject","inLanguage":"de","@id":"https:\/\/42berlin.de\/summerfest\/#primaryimage","url":"https:\/\/42berlin.de\/wp-content\/uploads\/elementor\/thumbs\/Summerfest-2-e1693234643694-qbkz5l3srlfyh5w9np3olbio6p5k7yeoxi3te16v20.png","contentUrl":"https:\/\/42berlin.de\/wp-content\/uploads\/elementor\/thumbs\/Summerfest-2-e1693234643694-qbkz5l3srlfyh5w9np3olbio6p5k7yeoxi3te16v20.png"},{"@type":"BreadcrumbList","@id":"https:\/\/42berlin.de\/summerfest\/#breadcrumb","itemListElement":[{"@type":"ListItem","position":1,"name":"Home","item":"https:\/\/42berlin.de\/"},{"@type":"ListItem","position":2,"name":"Summerfest at 42 Berlin Coding School"}]},{"@type":"WebSite","@id":"https:\/\/42berlin.de\/#website","url":"https:\/\/42berlin.de\/","name":"42 Berlin - Freie Softwareentwicklungsschule in Berlin","description":"Kostenlose gemeinn\u00fctzige Programmierschule in Neuk\u00f6lln, Berlin","publisher":{"@id":"https:\/\/42berlin.de\/#organization"},"potentialAction":[{"@type":"SearchAction","target":{"@type":"EntryPoint","urlTemplate":"https:\/\/42berlin.de\/?s={search_term_string}"},"query-input":{"@type":"PropertyValueSpecification","valueRequired":true,"valueName":"search_term_string"}}],"inLanguage":"de"},{"@type":"Organization","@id":"https:\/\/42berlin.de\/#organization","name":"42 Berlin","alternateName":"42 Berlin","url":"https:\/\/42berlin.de\/","logo":{"@type":"ImageObject","inLanguage":"de","@id":"https:\/\/42berlin.de\/#\/schema\/logo\/image\/","url":"https:\/\/42berlin.de\/wp-content\/uploads\/2023\/07\/cropped-new-2-pink-logo-for-site.png","contentUrl":"https:\/\/42berlin.de\/wp-content\/uploads\/2023\/07\/cropped-new-2-pink-logo-for-site.png","width":512,"height":512,"caption":"42 Berlin"},"image":{"@id":"https:\/\/42berlin.de\/#\/schema\/logo\/image\/"},"sameAs":["https:\/\/www.facebook.com\/42BLN\/","https:\/\/x.com\/42_berlin","https:\/\/www.instagram.com\/42berlin_\/","https:\/\/www.linkedin.com\/school\/77000438\/admin\/dashboard\/"]}]}},"_links":{"self":[{"href":"https:\/\/42berlin.de\/de\/wp-json\/wp\/v2\/pages\/2466","targetHints":{"allow":["GET"]}}],"collection":[{"href":"https:\/\/42berlin.de\/de\/wp-json\/wp\/v2\/pages"}],"about":[{"href":"https:\/\/42berlin.de\/de\/wp-json\/wp\/v2\/types\/page"}],"author":[{"embeddable":true,"href":"https:\/\/42berlin.de\/de\/wp-json\/wp\/v2\/users\/6"}],"replies":[{"embeddable":true,"href":"https:\/\/42berlin.de\/de\/wp-json\/wp\/v2\/comments?post=2466"}],"version-history":[{"count":0,"href":"https:\/\/42berlin.de\/de\/wp-json\/wp\/v2\/pages\/2466\/revisions"}],"wp:attachment":[{"href":"https:\/\/42berlin.de\/de\/wp-json\/wp\/v2\/media?parent=2466"}],"curies":[{"name":"wp","href":"https:\/\/api.w.org\/{rel}","templated":true}]}}